{"id":5766,"date":"2021-03-09T21:54:06","date_gmt":"2021-03-09T21:54:06","guid":{"rendered":"https:\/\/fitreduction.com\/?post_type=product&#038;p=5766"},"modified":"2024-07-09T04:09:42","modified_gmt":"2024-07-09T04:09:42","slug":"termogenico","status":"publish","type":"product","link":"https:\/\/fitreduction.com\/index.php\/producto\/termogenico\/","title":{"rendered":"Fat Burner De FIT REDUCTION EXTREME. Termog\u00e9nico Potente, Quema Grasas Natural."},"content":{"rendered":"\t\t<div data-elementor-type=\"wp-post\" data-elementor-id=\"5766\" class=\"elementor elementor-5766\">\n\t\t\t\t\t\t<section class=\"elementor-section elementor-top-section elementor-element elementor-element-115819f3 elementor-section-boxed elementor-section-height-default elementor-section-height-default\" data-id=\"115819f3\" data-element_type=\"section\">\n\t\t\t\t\t\t<div class=\"elementor-container elementor-column-gap-default\">\n\t\t\t\t\t<div class=\"elementor-column elementor-col-100 elementor-top-column elementor-element elementor-element-674ab626\" data-id=\"674ab626\" data-element_type=\"column\">\n\t\t\t<div class=\"elementor-widget-wrap elementor-element-populated\">\n\t\t\t\t\t\t<div class=\"elementor-element elementor-element-62b6dac0 elementor-widget elementor-widget-text-editor\" data-id=\"62b6dac0\" data-element_type=\"widget\" data-widget_type=\"text-editor.default\">\n\t\t\t\t<div class=\"elementor-widget-container\">\n\t\t\t\t\t\t\t\t\t<p>El nuevo FAT BURNER de FIT REDUCTION E<img decoding=\"async\" class=\"emoji\" role=\"img\" draggable=\"false\" src=\"https:\/\/s.w.org\/images\/core\/emoji\/13.0.1\/svg\/274c.svg\" alt=\"\u274c\">TREME viene en varias presentaciones con c\u00e1psulas con doble precinto de seguridad para una mejor conservaci\u00f3n. Tratamiento para 2 meses (120 c\u00e1psulas). DDR (Dosis diaria recomendada) 2 c\u00e1psulas al d\u00eda. CONSEJOS DE SEGURIDAD: Solo para adultos. Consulte a su m\u00e9dico si est\u00e1 embarazada, amamantando, tomando medicamentos o tiene alguna afecci\u00f3n m\u00e9dica. Mantenga este producto y todos los suplementos fuera del alcance de los ni\u00f1os.<\/p>\n<p>Formula N\u00ba1 en quema grasas deportivos, desarrollada cuidadosamente por expertos en la materia y consensuado con m\u00e9dicos y t\u00e9cnicos de laboratorio. Empresa registrada en la Agencia Espa\u00f1ola de Seguridad Alimentaria y Nutrici\u00f3n. N\u00ba RGSEAA: 26.018330\/M FIT REDUCTION es empresa colaboradora con ONG FARMA MUNDI \u2013 FARMAC\u00c9UTICOS MUNDI-<\/p>\t\t\t\t\t\t\t\t<\/div>\n\t\t\t\t<\/div>\n\t\t\t\t\t<\/div>\n\t\t<\/div>\n\t\t\t\t\t<\/div>\n\t\t<\/section>\n\t\t\t\t<\/div>\n\t\t\n    <div class=\"xs_social_share_widget xs_share_url after_content \t\tmain_content  wslu-style-1 wslu-share-box-shaped wslu-fill-colored wslu-none wslu-share-horizontal wslu-theme-font-no wslu-main_content\">\n\n\t\t\n        <ul>\n\t\t\t        <\/ul>\n    <\/div> \n","protected":false},"excerpt":{"rendered":"<p>El nuevo FAT BURNER de FIT REDUCTION ETREME viene en varias presentaciones con c\u00e1psulas con doble precinto de seguridad para una mejor conservaci\u00f3n. Tratamiento para 2 meses (120 c\u00e1psulas). DDR (Dosis diaria recomendada) 2 c\u00e1psulas al d\u00eda. CONSEJOS DE SEGURIDAD: Solo para adultos. Consulte a su m\u00e9dico si est\u00e1 embarazada, amamantando, tomando medicamentos o tiene [&hellip;]<\/p>\n","protected":false},"featured_media":5776,"comment_status":"open","ping_status":"closed","template":"","meta":{"postBodyCss":"","postBodyMargin":[],"postBodyPadding":[],"postBodyBackground":{"backgroundType":"classic","gradient":""},"site-sidebar-layout":"default","site-content-layout":"default","ast-site-content-layout":"","site-content-style":"default","site-sidebar-style":"default","ast-global-header-display":"","ast-banner-title-visibility":"","ast-main-header-display":"","ast-hfb-above-header-display":"","ast-hfb-below-header-display":"","ast-hfb-mobile-header-display":"","site-post-title":"","ast-breadcrumbs-content":"disabled","ast-featured-img":"","footer-sml-layout":"","theme-transparent-header-meta":"default","adv-header-id-meta":"","stick-header-meta":"","header-above-stick-meta":"","header-main-stick-meta":"","header-below-stick-meta":"","astra-migrate-meta-layouts":"default","ast-page-background-enabled":"default","ast-page-background-meta":{"desktop":{"background-color":"var(--ast-global-color-4)","background-image":"","background-repeat":"repeat","background-position":"center center","background-size":"auto","background-attachment":"scroll","background-type":"","background-media":"","overlay-type":"","overlay-color":"","overlay-gradient":""},"tablet":{"background-color":"","background-image":"","background-repeat":"repeat","background-position":"center center","background-size":"auto","background-attachment":"scroll","background-type":"","background-media":"","overlay-type":"","overlay-color":"","overlay-gradient":""},"mobile":{"background-color":"","background-image":"","background-repeat":"repeat","background-position":"center center","background-size":"auto","background-attachment":"scroll","background-type":"","background-media":"","overlay-type":"","overlay-color":"","overlay-gradient":""}},"ast-content-background-meta":{"desktop":{"background-color":"var(--ast-global-color-5)","background-image":"","background-repeat":"repeat","background-position":"center center","background-size":"auto","background-attachment":"scroll","background-type":"","background-media":"","overlay-type":"","overlay-color":"","overlay-gradient":""},"tablet":{"background-color":"var(--ast-global-color-5)","background-image":"","background-repeat":"repeat","background-position":"center center","background-size":"auto","background-attachment":"scroll","background-type":"","background-media":"","overlay-type":"","overlay-color":"","overlay-gradient":""},"mobile":{"background-color":"var(--ast-global-color-5)","background-image":"","background-repeat":"repeat","background-position":"center center","background-size":"auto","background-attachment":"scroll","background-type":"","background-media":"","overlay-type":"","overlay-color":"","overlay-gradient":""}}},"product_brand":[],"product_cat":[16],"product_tag":[],"class_list":{"0":"post-5766","1":"product","2":"type-product","3":"status-publish","4":"has-post-thumbnail","6":"product_cat-sin-categorizar","7":"desktop-align-left","8":"tablet-align-left","9":"mobile-align-left","11":"first","12":"instock","13":"shipping-taxable","14":"purchasable","15":"product-type-variable","16":"has-default-attributes"},"etheme_brands":{"errors":{"invalid_taxonomy":["Taxonom\u00eda no v\u00e1lida."]},"error_data":[]},"_links":{"self":[{"href":"https:\/\/fitreduction.com\/index.php\/wp-json\/wp\/v2\/product\/5766","targetHints":{"allow":["GET"]}}],"collection":[{"href":"https:\/\/fitreduction.com\/index.php\/wp-json\/wp\/v2\/product"}],"about":[{"href":"https:\/\/fitreduction.com\/index.php\/wp-json\/wp\/v2\/types\/product"}],"replies":[{"embeddable":true,"href":"https:\/\/fitreduction.com\/index.php\/wp-json\/wp\/v2\/comments?post=5766"}],"version-history":[{"count":10,"href":"https:\/\/fitreduction.com\/index.php\/wp-json\/wp\/v2\/product\/5766\/revisions"}],"predecessor-version":[{"id":5880,"href":"https:\/\/fitreduction.com\/index.php\/wp-json\/wp\/v2\/product\/5766\/revisions\/5880"}],"wp:featuredmedia":[{"embeddable":true,"href":"https:\/\/fitreduction.com\/index.php\/wp-json\/wp\/v2\/media\/5776"}],"wp:attachment":[{"href":"https:\/\/fitreduction.com\/index.php\/wp-json\/wp\/v2\/media?parent=5766"}],"wp:term":[{"taxonomy":"product_brand","embeddable":true,"href":"https:\/\/fitreduction.com\/index.php\/wp-json\/wp\/v2\/product_brand?post=5766"},{"taxonomy":"product_cat","embeddable":true,"href":"https:\/\/fitreduction.com\/index.php\/wp-json\/wp\/v2\/product_cat?post=5766"},{"taxonomy":"product_tag","embeddable":true,"href":"https:\/\/fitreduction.com\/index.php\/wp-json\/wp\/v2\/product_tag?post=5766"}],"curies":[{"name":"wp","href":"https:\/\/api.w.org\/{rel}","templated":true}]}}