{"id":3,"date":"2021-03-08T19:46:13","date_gmt":"2021-03-08T19:46:13","guid":{"rendered":"https:\/\/fitreduction.com\/?page_id=3"},"modified":"2021-03-26T20:38:01","modified_gmt":"2021-03-26T20:38:01","slug":"privacy-policy","status":"publish","type":"page","link":"https:\/\/fitreduction.com\/index.php\/privacy-policy\/","title":{"rendered":"Pol\u00edtica de privacidad"},"content":{"rendered":"\n<p>En esta<strong>&nbsp;Pol\u00edtica de Privacidad<\/strong>&nbsp;encontrar\u00e1 toda la informaci\u00f3n relevante que aplica al uso que hacemos de los datos personales de nuestros clientes y usuarios de&nbsp;<strong>FitReduction<\/strong>&nbsp;que utiliza para interactuar con nosotros.<\/p>\n\n\n\n<p>Para ser transparente sobre lo que hacemos con sus datos personales, que comprenda las implicaciones de los usos que llevamos a cabo o los derechos de los que dispone en relaci\u00f3n con sus datos.<\/p>\n\n\n\n<p>Ponemos a su disposici\u00f3n de manera permanente toda la informaci\u00f3n de esta Pol\u00edtica de Privacidad que puede consultar en cualquier momento.<\/p>\n\n\n\n<p>OBJETIVO<\/p>\n\n\n\n<p><strong>FitReduction<\/strong>, responsable del sitio web&nbsp;<strong>www.fitreduction.com<\/strong>, pone a disposici\u00f3n de los usuarios el presente documento con el que pretende dar cumplimiento a las obligaciones dispuestas en la&nbsp;<strong>Ley 34\/2002<\/strong>, de&nbsp;<strong>Servicios de la Sociedad de la Informaci\u00f3n y del Comercio Electr\u00f3nico (LSSI-CE)<\/strong>, as\u00ed como informar a todos los usuarios del sitio web www.fitreduction.com respecto a cu\u00e1les son las condiciones de uso del sitio web y dar a conocer de manera transparente, el tratamiento que hacemos con sus datos personales.<\/p>\n\n\n\n<p>Toda persona que acceda a este sitio web asume el papel de usuario, comprometi\u00e9ndose a la observancia y cumplimiento riguroso de las disposiciones aqu\u00ed dispuestas, as\u00ed como a cualesquiera otra disposici\u00f3n legal que fuera de aplicaci\u00f3n.<\/p>\n\n\n\n<p><strong>FitReduction<\/strong>&nbsp;se reserva el derecho a modificar cualquier tipo de informaci\u00f3n que pudiera aparecer en el sitio web www.fitreduction.com, sin que exista obligaci\u00f3n de preavisar o poner en conocimiento de los usuarios dichas obligaciones, entendi\u00e9ndose como suficiente con la publicaci\u00f3n en el sitio web.<\/p>\n\n\n\n<p>No obstante, el usuario o persona que lo representa, puede ejercitar, en cualquier momento, el derecho de acceso, rectificaci\u00f3n, cancelaci\u00f3n y, en su caso, oposici\u00f3n del tratamiento de sus datos personales, dirigiendo un escrito a la siguiente direcci\u00f3n:&nbsp;<a href=\"mailto:info@fitreduction.com\">info@fitreduction.com<\/a><\/p>\n\n\n\n<p>\u00bfQui\u00e9n es el responsable del tratamiento de los datos personales?<\/p>\n\n\n\n<p>De acuerdo a lo establecido en la normativa vigente, le informamos que los datos personales que pueda facilitar durante el uso de la web&nbsp;<strong>www.fitreduction.com<\/strong>&nbsp;(en adelante \u201c<strong>sitio Web<\/strong>\u201d) ser\u00e1n tratados en calidad de Responsable del tratamiento por la empresa&nbsp;<strong>FitReduction<\/strong> con CIF: X5324216S y domicilio social en Carrer Pere Compte, 17, 17005 \u2013 Girona (Espa\u00f1a).<\/p>\n\n\n\n<p>\u00bfCon qu\u00e9 finalidad tratamos sus datos personales?<\/p>\n\n\n\n<p>Usaremos sus datos (Obtenidos a trav\u00e9s de formularios en nuestro sitio web), para los siguientes supuestos:<\/p>\n\n\n\n<p><strong>GESTIONAR SU REGISTRO COMO USUARIO<\/strong><\/p>\n\n\n\n<p>En caso de que decida registrarse como usuario en nuestro sitio web, necesitamos tratar sus datos para identificarle como usuario de la misma y darte acceso a sus diferentes funcionalidades, productos y servicios que est\u00e1n a su disposici\u00f3n exclusivamente como usuario registrado. Puede cancelar su cuenta de usuario registrado contactando con nosotros a trav\u00e9s de la direcci\u00f3n&nbsp;<a href=\"mailto:info@fitreduction.com\">info@fitreduction.com<\/a><\/p>\n\n\n\n<p><strong>GESTIONAR LA COMPRA DE PRODUCTOS<\/strong><\/p>\n\n\n\n<p>A trav\u00e9s de nuestro sitio web, puede comprar nuestros productos. Para ello, deber\u00e1 cumplimentar un formulario con campos obligatorios, en el que se le pedir\u00e1 \u00fanica y exclusivamente la informaci\u00f3n personal necesaria para hacerle llegar su pedido.<\/p>\n\n\n\n<p><strong>ATENDER SUS CONSULTAS A TRAV\u00c9S DE LOS CANALES DE ATENCI\u00d3N AL CLIENTE<\/strong><\/p>\n\n\n\n<p>S\u00f3lo tratamos los datos personales que sean estrictamente necesarios para gestionar o resolver su solicitud o petici\u00f3n.<\/p>\n\n\n\n<p><strong>ENVIARLE COMUNICACIONES PERSONALIZADAS Y ACCIONES DE MARKETING<\/strong><\/p>\n\n\n\n<p>En la medida en que se suscriba a nuestra Newsletter o acepte recibir informaci\u00f3n por correo electr\u00f3nico a trav\u00e9s de alguno de nuestros formularios, trataremos sus datos personales para gestionar su suscripci\u00f3n, incluyendo el env\u00edo de informaci\u00f3n personalizada acerca de nuestros productos, campa\u00f1as personalizadas o&nbsp;<strong>Llevar a cabo acciones promocionales<\/strong>: ( Por ejemplo, lista de nuevos productos, ofertas promocionales, informaci\u00f3n de desarrollo de concursos, etc).<\/p>\n\n\n\n<p>Recuerde que puede darse de baja de la Newsletter en cualquier momento y sin coste alguno, a trav\u00e9s del formulario de contacto.<\/p>\n\n\n\n<p><strong>ANALISIS DE USABILIDAD Y CALIDAD.<\/strong><\/p>\n\n\n\n<p>Si accede a nuestra sitio web, le informamos de que trataremos sus datos de navegaci\u00f3n para fines anal\u00edticos y estad\u00edsticos, es decir, para entender la forma en la que los usuarios interact\u00faan con nuestro sitio web y as\u00ed ser capaces de introducir mejoras en la misma.<\/p>\n\n\n\n<p>Dependiendo de cada supuesto, servicios o funcionalidades de los que quiera disfrutar, necesitaremos tratar unos datos u otros, que por regla general, seg\u00fan los casos citados anteriormente, pueden ser de los siguientes tipo:<\/p>\n\n\n\n<ul class=\"wp-block-list\"><li><strong>DATOS IDENTIFICATIVOS&nbsp;<\/strong>( por ejemplo, nombre, apellidos, datos de contacto, etc).<\/li><li><strong>DATOS DE CONEXI\u00d3N, GEOLOCALIZACI\u00d3N Y NAVEGACI\u00d3N&nbsp;<\/strong>( por ejemplo, en el caso de que nos visite desde su m\u00f3vil).<\/li><li><strong>INFORMACI\u00d3N COMERCIAL<\/strong>&nbsp;( por ejemplo si est\u00e1 suscrito a nuestra newsletter).<\/li><\/ul>\n\n\n\n<p>Tenga en cuenta, que cuando le pedimos que rellene sus datos personales para darle a alguna de las funcionalidades indicadas anteriormente, se encontrar\u00e1 con algunos campos marcados como obligatorios, puesto que son datos que necesitamos para poder prestarle el servicio de manera adecuada. Por favor, recuerde que si decidiese no facilitarnos estos datos, es posible que no pueda disfrutar de esos servicios o funcionalidades.<\/p>\n\n\n\n<p><strong>\u00bfPOR QU\u00c9 LOS USAMOS?<\/strong><\/p>\n\n\n\n<p>Estamos legitimados para tratar sus datos por diferentes motivos. El principal, es que necesitamos tratarlos para ejecutar el contrato que acepta con nosotros al registrarse y al hacer una COMPRA. Aunque hay otras razones que nos legitiman a ello, como el inter\u00e9s en atender sus consultas o el consentimiento que nos presta para enviarle nuestras newsletter, e informar de nuevos productos y ofertas.<\/p>\n\n\n\n<p><strong>1- Gestionar tu registro como usuario de la plataforma<\/strong><\/p>\n\n\n\n<p>El tratamiento de sus datos es necesario para la ejecuci\u00f3n de los t\u00e9rminos que regulan el uso de la Plataforma. En otras palabras, para que pueda registrarse como usuario en la Plataforma, necesitamos tratar sus datos personales, ya que de lo contrario no podr\u00edamos gestionar su registro.<\/p>\n\n\n\n<p><strong>2- Desarrollo y ejecuci\u00f3n de contrato de compraventa<\/strong><\/p>\n\n\n\n<p>El tratamiento de sus datos es necesario para la ejecuci\u00f3n del contrato de compraventa. En otras palabras, necesitamos disponer de su nombre completo y direcci\u00f3n de entrega para trasladar dicha informaci\u00f3n a la empresa de transportes encargada de hacerle llegar su pedido. As\u00ed mismo, solicitamos n\u00famero de tel\u00e9fono y direcci\u00f3n mail para posibles notificaciones o incidencias que pudieran suceder con su pedido<\/p>\n\n\n\n<p>Algunos de estos datos, tales como tu nombre y correo electr\u00f3nico, ser\u00e1n indexados en nuestra libreta de direcciones, para notificarle nuevos productos, ofertas exclusivas y descuentos de productos. En cualquier momento podr\u00e1 darse de baja, mandando un correo electr\u00f3nico a la siguiente direcci\u00f3n:&nbsp;<a href=\"mailto:info@fitreduction.com\">info@fitreduction.com<\/a><\/p>\n\n\n\n<p><strong>3- Atenci\u00f3n al cliente<\/strong><\/p>\n\n\n\n<p>Consideramos que tenemos un inter\u00e9s leg\u00edtimo para atender las solicitudes o consultas que nos plantee a trav\u00e9s de los diversos medios de contacto existentes. Entendemos que el tratamiento de estos datos resulta tambi\u00e9n beneficioso para usted en tanto que nos permite poder atenderle adecuadamente y resolver las consultas planteadas.<\/p>\n\n\n\n<p><strong>4- Marketing<\/strong><\/p>\n\n\n\n<p>La base leg\u00edtima para tratar tus datos con finalidades de marketing es el consentimiento que nos prestas, por ejemplo cuando aceptas las bases legales al finalizar una compra a trav\u00e9s de nuestro sitio web. O cuando te suscribes a nuestra Newsletter.<\/p>\n\n\n\n<p>Recuerde que puede darse de baja de estas comunicaciones en cualquier momento y sin coste alguno, a trav\u00e9s de la direcci\u00f3n&nbsp;<a href=\"mailto:info@fitreduction.com\">info@fitreduction.com<\/a><\/p>\n\n\n\n<p><strong>5- An\u00e1lisis de usabilidad y calidad<\/strong><\/p>\n\n\n\n<p>Consideramos que tenemos un inter\u00e9s leg\u00edtimo para analizar la usabilidad del sitio web y el grado de satisfacci\u00f3n del usuario ya que entendemos que el tratamiento de estos datos tambi\u00e9n resulta beneficioso para usted porque la finalidad es mejorar la experiencia del usuario y ofrecer un servicio de mayor calidad.<\/p>\n\n\n\n<p><strong>\u00bfDurante cuanto tiempo conservamos sus datos?<\/strong><\/p>\n\n\n\n<p>El tiempo de conservaci\u00f3n de sus datos depender\u00e1 de la finalidad para los que lo tratemos<\/p>\n\n\n\n<p><strong>1- Gestionar tu registro como usuario de la plataforma<\/strong><\/p>\n\n\n\n<p>Trataremos sus datos durante el tiempo en que mantenga la condici\u00f3n de usuario registrado (es decir, hasta que decida darse de baja).<\/p>\n\n\n\n<p><strong>2- Desarrollo y ejecuci\u00f3n de contrato de compraventa<\/strong><\/p>\n\n\n\n<p>Trataremos sus datos durante el tiempo necesario para gestionar la compra de los productos que haya adquirido, incluyendo posibles devoluciones, quejas o reclamaciones.<\/p>\n\n\n\n<p>En algunas ocasiones, \u00fanicamente trataremos los datos hasta el momento en que usted decida, como es el caso de su nombre y direcci\u00f3n de correo electr\u00f3nico, para futuras notificaciones de ofertas y descuentos exclusivos.<\/p>\n\n\n\n<p><strong>3-Atenci\u00f3n al cliente<\/strong><\/p>\n\n\n\n<p>Trataremos sus datos durante el tiempo que sea necesario para atender su solicitud o petici\u00f3n.<\/p>\n\n\n\n<p><strong>&nbsp;4- Marketing<\/strong><\/p>\n\n\n\n<p>Trataremos sus datos hasta que se de de baja o cancele su suscripci\u00f3n a la newsletter, o cancele sus notificaciones indexadas desde el momento en que realiza un pedido.<\/p>\n\n\n\n<p><strong>5-An\u00e1lisis de usabilidad y de calidad<\/strong><\/p>\n\n\n\n<p>Trataremos sus datos, exclusivamente durante el periodo de navegaci\u00f3n en nuestro sitio web y de manera completamente an\u00f3nima, para pasar a formar parte del seguimiento anal\u00edtico y estad\u00edstico general de nuestro sitio web.<\/p>\n\n\n\n<p><strong>\u00bfCOMPARTIREMOS SUS DATOS CON TERCEROS?<\/strong><\/p>\n\n\n\n<p><strong>NUNCA.<\/strong>&nbsp;FitReduction<strong> NO CEDER\u00c1<\/strong>&nbsp;sus datos personales&nbsp;a ninguna empresa, salvo los que sean requeridos por terceras empresas&nbsp;para el correcto ofrecimiento de nuestros servicios. Estos datos ser\u00e1n los estrictamente necesarios para que&nbsp;<strong>FitReduction<\/strong> pueda ofrecer sus productos y ni&nbsp;FitReduction, ni las terceras empresas har\u00e1n un uso de sus datos diferente al indicado en la presente pol\u00edtica o en el&nbsp;Acuerdo de Servicio.<\/p>\n\n\n\n<p>Nos comprometemos con usted a informarle de cualquier cambio corporativo que implique una nueva titularidad de los datos que nos ha confiado, d\u00e1ndole la opci\u00f3n de ejercer tus derechos.<\/p>\n\n\n\n<p>A continuaci\u00f3n indicamos a que terceras partes entregamos sus datos que nos prestan apoyo en los servicios que te ofrecemos:<\/p>\n\n\n\n<p><strong>\u2013 Proveedores y colaboradores de servicios de log\u00edstica, transporte y entrega.<\/strong><\/p>\n\n\n\n<p><strong>SUS DERECHOS CUANDO NOS FACILITA SUS DATOS<\/strong><\/p>\n\n\n\n<p><strong>FitReduction<\/strong> se compromete a respetar la confidencialidad de sus datos personales y a garantizarte el ejercicio de sus derechos. Puedes ejercitarlo sin coste alguno escribi\u00e9ndonos un correo electr\u00f3nico a nuestra direcci\u00f3n <a href=\"mailto:info@fitreduction.com\">info@fitreduction.com<\/a>&nbsp;, simplemente ind\u00edquenos el motivo de su solicitud y el derecho que quiere ejercitar.<\/p>\n\n\n\n<p>En caso de que lo consideremos necesario para poder identificarle, podremos solicitarte copia de un documento acreditativo de su identidad. En particular, independientemente de la finalidad o la base legal en virtud de la que tratemos sus datos, tiene derecho a:<\/p>\n\n\n\n<p>\u2013 Pedirnos acceso a los datos de los que disponemos de usted<\/p>\n\n\n\n<p>\u2013 Pedirnos que rectifiquemos los datos de los que ya disponemos. Garantiza que son ciertos y exactos y se compromete a notificarnos cualquier cambio o modificaci\u00f3n de los mismos<\/p>\n\n\n\n<p>\u2013 Pedirnos que suprimamos sus datos en la medida en que ya no sean necesarios para la finalidad para los que necesitemos tratarlos seg\u00fan le hemos informado anteriormente, o en que ya no contemos con legitimaci\u00f3n para hacerlo.<\/p>\n\n\n\n<p>\u2013 Pedirnos que limitemos el tratamiento de sus datos, lo que supone que en determinados casos pueda solicitarnos que suspendamos temporalmente el tratamiento de los datos o que los conservemos m\u00e1s all\u00e1 del tiempo necesario cuando pueda necesitarlo.<\/p>\n\n\n\n<p>Si nos ha proporcionado su consentimiento para el tratamiento de sus datos para cualquier finalidad, tambi\u00e9n tiene derecho a retirarlo en cualquier momento. Puede hacerlo escribi\u00e9ndonos directamente a la siguiente direcci\u00f3n:&nbsp;<a href=\"mailto:info@fitreduction.com\">info@fitreduction.com<\/a><\/p>\n\n\n\n<p>Por \u00faltimo, te informamos de tu derecho a presentar una reclamaci\u00f3n ante la autoridad de control en materia de protecci\u00f3n de datos pertinente, en particular, ante la&nbsp;<a href=\"https:\/\/www.aepd.es\/\">Agencia Espa\u00f1ola de Protecci\u00f3n de Datos&nbsp;<\/a>(<a href=\"https:\/\/www.agpd.es\/portalwebAGPD\/index-ides-idphp.php\">https:\/\/www.agpd.es\/portalwebAGPD\/index-ides-idphp.php<\/a>)<\/p>\n\n\n\n<p><strong>SI NOS FACILITA DATOS DE TERCEROS<\/strong><\/p>\n\n\n\n<p><strong>FitReduction<\/strong> ofrece en su sitio web funcionalidades que requieren que tratemos los datos personales de un tercero que usted nos facilite, como para el caso de env\u00edos de producto a una direcci\u00f3n diferente a la del comprador. Si nos proporciona Datos Personales de terceras personas, garantiza haberles informado acerca de las finalidades y la forma en la que necesitamos tratar sus datos personales.<\/p>\n\n\n\n<p><strong>INFORMACI\u00d3N SOBRE COOKIES<\/strong><\/p>\n\n\n\n<p>En cumplimiento con lo dispuesto en el art\u00edculo 22.2 de la Ley 34\/2002, de 11 de julio, de Servicios de la Sociedad de la Informaci\u00f3n y de Comercio Electr\u00f3nico, este sitio web le informa, en esta secci\u00f3n, sobre&nbsp;<strong>la&nbsp;pol\u00edtica de recogida y tratamiento de cookies.<\/strong><\/p>\n\n\n\n<p><strong>&nbsp;\u00bfQu\u00e9 son las cookies?<\/strong><\/p>\n\n\n\n<p>Una cookie es un fichero que se descarga en su ordenador al&nbsp;acceder a determinadas p\u00e1ginas web. Las cookies permiten a una p\u00e1gina web,&nbsp;entre otras cosas, almacenar y recuperar informaci\u00f3n sobre los h\u00e1bitos de&nbsp;navegaci\u00f3n de un usuario o de su equipo y, dependiendo de la informaci\u00f3n que&nbsp;contengan y de la forma en que utilice su equipo, pueden utilizarse para&nbsp;reconocer al usuario.<\/p>\n\n\n\n<p><strong>&nbsp;\u00bfQu\u00e9 tipos de cookies utiliza esta p\u00e1gina web?&nbsp;<\/strong><\/p>\n\n\n\n<p>Esta p\u00e1gina web utiliza los siguientes tipos de cookies:<\/p>\n\n\n\n<p><strong>Cookies de an\u00e1lisis:<\/strong>&nbsp;Son aqu\u00e9llas que bien tratadas por nosotros o por&nbsp;terceros, nos permiten cuantificar el n\u00famero de usuarios y as\u00ed realizar la&nbsp;medici\u00f3n y an\u00e1lisis estad\u00edstico de la utilizaci\u00f3n que hacen los usuarios del&nbsp;servicio ofertado. Para ello se analiza su navegaci\u00f3n en nuestra p\u00e1gina web&nbsp;con el fin de mejorar la oferta de productos o servicios que le ofrecemos.<\/p>\n\n\n\n<p><strong>Cookies t\u00e9cnicas:<\/strong>&nbsp;Son aquellas que permiten al usuario la navegaci\u00f3n a trav\u00e9s del \u00e1rea restringida y la utilizaci\u00f3n de sus diferentes funciones, como por ejemplo, llevar a cambio el proceso de compra de un art\u00edculo.<\/p>\n\n\n\n<p><strong>Cookies de personalizaci\u00f3n:<\/strong>&nbsp;Son aquellas que permiten al usuario acceder al servicio con algunas caracter\u00edsticas de car\u00e1cter general predefinidas en funci\u00f3n de una serie de criterios en el terminal del usuario como por ejemplo serian el idioma o el tipo de navegador a trav\u00e9s del cual se conecta al servicio.<\/p>\n\n\n\n<p><strong>Cookies de terceros:<\/strong>&nbsp;Este sitio web utiliza servicios de terceros para recopilar informaci\u00f3n con fines anal\u00edticos y de uso del sitio web. En concreto usamos los servicios de Google Analytics para nuestras estad\u00edsticas y mejorar la experiencia del usuario.<\/p>\n\n\n\n<p><strong>Desactivar las cookies.<\/strong><\/p>\n\n\n\n<p>Puede usted&nbsp;<strong>permitir, bloquear o eliminar<\/strong>&nbsp;las cookies&nbsp;instaladas en su equipo&nbsp;mediante la configuraci\u00f3n de las opciones del navegador instalado en su&nbsp;ordenador.<\/p>\n\n\n\n<p>En la mayor\u00eda de los navegadores web se ofrece la posibilidad de permitir, bloquear o eliminar las cookies instaladas en su equipo.<\/p>\n\n    <div class=\"xs_social_share_widget xs_share_url after_content \t\tmain_content  wslu-style-1 wslu-share-box-shaped wslu-fill-colored wslu-none wslu-share-horizontal wslu-theme-font-no wslu-main_content\">\n\n\t\t\n        <ul>\n\t\t\t        <\/ul>\n    <\/div> \n","protected":false},"excerpt":{"rendered":"<p>En esta&nbsp;Pol\u00edtica de Privacidad&nbsp;encontrar\u00e1 toda la informaci\u00f3n relevante que aplica al uso que hacemos de los datos personales de nuestros clientes y usuarios de&nbsp;FitReduction&nbsp;que utiliza para interactuar con nosotros. Para ser transparente sobre lo que hacemos con sus datos personales, que comprenda las implicaciones de los usos que llevamos a cabo o los derechos de [&hellip;]<\/p>\n","protected":false},"author":1,"featured_media":0,"parent":0,"menu_order":0,"comment_status":"closed","ping_status":"open","template":"","meta":{"postBodyCss":"","postBodyMargin":[],"postBodyPadding":[],"postBodyBackground":{"backgroundType":"classic","gradient":""},"site-sidebar-layout":"default","site-content-layout":"default","ast-site-content-layout":"","site-content-style":"default","site-sidebar-style":"default","ast-global-header-display":"","ast-banner-title-visibility":"","ast-main-header-display":"","ast-hfb-above-header-display":"","ast-hfb-below-header-display":"","ast-hfb-mobile-header-display":"","site-post-title":"","ast-breadcrumbs-content":"","ast-featured-img":"","footer-sml-layout":"","theme-transparent-header-meta":"default","adv-header-id-meta":"","stick-header-meta":"","header-above-stick-meta":"","header-main-stick-meta":"","header-below-stick-meta":"","astra-migrate-meta-layouts":"default","ast-page-background-enabled":"default","ast-page-background-meta":{"desktop":{"background-color":"var(--ast-global-color-4)","background-image":"","background-repeat":"repeat","background-position":"center center","background-size":"auto","background-attachment":"scroll","background-type":"","background-media":"","overlay-type":"","overlay-color":"","overlay-gradient":""},"tablet":{"background-color":"","background-image":"","background-repeat":"repeat","background-position":"center center","background-size":"auto","background-attachment":"scroll","background-type":"","background-media":"","overlay-type":"","overlay-color":"","overlay-gradient":""},"mobile":{"background-color":"","background-image":"","background-repeat":"repeat","background-position":"center center","background-size":"auto","background-attachment":"scroll","background-type":"","background-media":"","overlay-type":"","overlay-color":"","overlay-gradient":""}},"ast-content-background-meta":{"desktop":{"background-color":"var(--ast-global-color-5)","background-image":"","background-repeat":"repeat","background-position":"center center","background-size":"auto","background-attachment":"scroll","background-type":"","background-media":"","overlay-type":"","overlay-color":"","overlay-gradient":""},"tablet":{"background-color":"var(--ast-global-color-5)","background-image":"","background-repeat":"repeat","background-position":"center center","background-size":"auto","background-attachment":"scroll","background-type":"","background-media":"","overlay-type":"","overlay-color":"","overlay-gradient":""},"mobile":{"background-color":"var(--ast-global-color-5)","background-image":"","background-repeat":"repeat","background-position":"center center","background-size":"auto","background-attachment":"scroll","background-type":"","background-media":"","overlay-type":"","overlay-color":"","overlay-gradient":""}},"footnotes":""},"class_list":["post-3","page","type-page","status-publish","hentry"],"_links":{"self":[{"href":"https:\/\/fitreduction.com\/index.php\/wp-json\/wp\/v2\/pages\/3","targetHints":{"allow":["GET"]}}],"collection":[{"href":"https:\/\/fitreduction.com\/index.php\/wp-json\/wp\/v2\/pages"}],"about":[{"href":"https:\/\/fitreduction.com\/index.php\/wp-json\/wp\/v2\/types\/page"}],"author":[{"embeddable":true,"href":"https:\/\/fitreduction.com\/index.php\/wp-json\/wp\/v2\/users\/1"}],"replies":[{"embeddable":true,"href":"https:\/\/fitreduction.com\/index.php\/wp-json\/wp\/v2\/comments?post=3"}],"version-history":[{"count":2,"href":"https:\/\/fitreduction.com\/index.php\/wp-json\/wp\/v2\/pages\/3\/revisions"}],"predecessor-version":[{"id":5942,"href":"https:\/\/fitreduction.com\/index.php\/wp-json\/wp\/v2\/pages\/3\/revisions\/5942"}],"wp:attachment":[{"href":"https:\/\/fitreduction.com\/index.php\/wp-json\/wp\/v2\/media?parent=3"}],"curies":[{"name":"wp","href":"https:\/\/api.w.org\/{rel}","templated":true}]}}